{"id":2393,"date":"2024-03-26T16:36:23","date_gmt":"2024-03-26T15:36:23","guid":{"rendered":"https:\/\/glutoso.com\/produit\/crema-carciofi\/"},"modified":"2024-09-24T17:51:34","modified_gmt":"2024-09-24T15:51:34","slug":"crema-carciofi","status":"publish","type":"product","link":"https:\/\/glutoso.com\/nl\/produit\/crema-carciofi\/","title":{"rendered":"CREMA CARCIOFI"},"content":{"rendered":"<p>Plongez dans un oc\u00e9an de saveurs avec notre cr\u00e8me d&#8217;artichaut \u00e0 la truffe, une d\u00e9licieuse fusion entre la douceur velout\u00e9e de l&#8217;artichaut et l&#8217;\u00e9l\u00e9gance truff\u00e9e. Onze room, bereid met verse artisjokken en fijngehakte stukjes truffel, levert bij elke lepel een romige textuur en een onvergelijkbare diepte van smaak. Elke hap neemt je mee naar een wereld waar plantaardige eenvoud en truffelverfijning samenkomen om een \u200b\u200bonvergetelijke culinaire ervaring te cre\u00ebren. Onze truffelartisjokcr\u00e8me is perfect als topping voor verse pasta, als garnering van crostini of zelfs bij visgerechten en geeft een vleugje elegantie en verfijning aan uw culinaire creaties. Laat u verleiden door deze voortreffelijke mix van plantaardige zoetheid en truffelexcellentie met onze ambachtelijke truffelcr\u00e8me.<\/p>\n","protected":false},"excerpt":{"rendered":"<p>Plongez dans un oc\u00e9an de saveurs avec notre cr\u00e8me d&#8217;artichaut \u00e0 la truffe, une d\u00e9licieuse fusion entre la douceur velout\u00e9e de l&#8217;artichaut et l&#8217;\u00e9l\u00e9gance truff\u00e9e. Onze room, bereid met verse artisjokken en fijngehakte stukjes truffel, levert bij elke lepel een romige textuur en een onvergelijkbare diepte van smaak. Elke hap neemt je mee naar een [&hellip;]<\/p>\n<div style=\"margin-top: 0px; margin-bottom: 0px;\" class=\"sharethis-inline-share-buttons\" data-url=https:\/\/glutoso.com\/nl\/produit\/crema-carciofi\/><\/div>\n","protected":false},"featured_media":2180,"comment_status":"open","ping_status":"closed","template":"","meta":{"_et_pb_use_builder":"off","_et_pb_old_content":"Lorem ipsum dolor sit amet, consectetur adipiscing elit. Nulla ullamcorper metus elit, sed convallis orci faucibus porttitor. Praesent interdum nisl dolor, ac fringilla odio lobortis eu. Vivamus pellentesque sed dolor eget posuere. Lorem ipsum dolor sit amet, consectetur adipiscing elit. Morbi et auctor libero. Praesent aliquet rhoncus quam, eu faucibus quam. Nunc vestibulum elementum nulla, eget ornare turpis. Phasellus mattis risus odio, ac euismod ligula luctus non. Praesent eget sapien ligula. Suspendisse eget sem sit amet odio lobortis ullamcorper. Lorem ipsum dolor sit amet, consectetur adipiscing elit. Nulla a nisi quis sem laoreet congue. In pharetra elementum finibus. Etiam dignissim, justo non bibendum volutpat, diam leo molestie sem, id consectetur nunc leo id lacus.","_et_gb_content_width":""},"product_brand":[],"product_cat":[70],"product_tag":[],"class_list":{"0":"post-2393","1":"product","2":"type-product","3":"status-publish","4":"has-post-thumbnail","6":"product_cat-onze-producten","8":"first","9":"instock","10":"shipping-taxable","11":"purchasable","12":"product-type-variable","13":"has-default-attributes"},"yoast_head":"<!-- This site is optimized with the Yoast SEO plugin v27.2 - https:\/\/yoast.com\/product\/yoast-seo-wordpress\/ -->\n<title>CREMA CARCIOFI - Bij Glutoso: De Truffelprofessional voor de Beste Prijs<\/title>\n<meta name=\"description\" content=\"CREMA CARCIOFI en een onge\u00ebvenaarde selectie van producten met verse truffel om te ontdekken op onze website en in onze verkooppunten.\" \/>\n<meta name=\"robots\" content=\"index, follow, max-snippet:-1, max-image-preview:large, max-video-preview:-1\" \/>\n<link rel=\"canonical\" href=\"https:\/\/glutoso.com\/nl\/produit\/crema-carciofi\/\" \/>\n<meta property=\"og:locale\" content=\"nl_NL\" \/>\n<meta property=\"og:type\" content=\"article\" \/>\n<meta property=\"og:title\" content=\"CREMA CARCIOFI - Bij Glutoso: De Truffelprofessional voor de Beste Prijs\" \/>\n<meta property=\"og:description\" content=\"CREMA CARCIOFI en een onge\u00ebvenaarde selectie van producten met verse truffel om te ontdekken op onze website en in onze verkooppunten.\" \/>\n<meta property=\"og:url\" content=\"https:\/\/glutoso.com\/nl\/produit\/crema-carciofi\/\" \/>\n<meta property=\"og:site_name\" content=\"Glutoso\" \/>\n<meta property=\"article:publisher\" content=\"https:\/\/www.facebook.com\/Glutoso\" \/>\n<meta property=\"article:modified_time\" content=\"2024-09-24T15:51:34+00:00\" \/>\n<meta property=\"og:image\" content=\"https:\/\/glutoso.com\/wp-content\/uploads\/2024\/03\/glutoso-truffe-crema-carciofi-09-scaled.jpg\" \/>\n\t<meta property=\"og:image:width\" content=\"1920\" \/>\n\t<meta property=\"og:image:height\" content=\"2560\" \/>\n\t<meta property=\"og:image:type\" content=\"image\/jpeg\" \/>\n<meta name=\"twitter:card\" content=\"summary_large_image\" \/>\n<meta name=\"twitter:label1\" content=\"Geschatte leestijd\" \/>\n\t<meta name=\"twitter:data1\" content=\"1 minuut\" \/>\n<script type=\"application\/ld+json\" class=\"yoast-schema-graph\">{\"@context\":\"https:\/\/schema.org\",\"@graph\":[{\"@type\":\"WebPage\",\"@id\":\"https:\/\/glutoso.com\/nl\/produit\/crema-carciofi\/\",\"url\":\"https:\/\/glutoso.com\/nl\/produit\/crema-carciofi\/\",\"name\":\"CREMA CARCIOFI - Bij Glutoso: De Truffelprofessional voor de Beste Prijs\",\"isPartOf\":{\"@id\":\"https:\/\/glutoso.com\/nl\/#website\"},\"primaryImageOfPage\":{\"@id\":\"https:\/\/glutoso.com\/nl\/produit\/crema-carciofi\/#primaryimage\"},\"image\":{\"@id\":\"https:\/\/glutoso.com\/nl\/produit\/crema-carciofi\/#primaryimage\"},\"thumbnailUrl\":\"https:\/\/glutoso.com\/wp-content\/uploads\/2024\/03\/glutoso-truffe-crema-carciofi-09-scaled.jpg\",\"datePublished\":\"2024-03-26T15:36:23+00:00\",\"dateModified\":\"2024-09-24T15:51:34+00:00\",\"description\":\"CREMA CARCIOFI en een onge\u00ebvenaarde selectie van producten met verse truffel om te ontdekken op onze website en in onze verkooppunten.\",\"breadcrumb\":{\"@id\":\"https:\/\/glutoso.com\/nl\/produit\/crema-carciofi\/#breadcrumb\"},\"inLanguage\":\"nl-NL\",\"potentialAction\":[{\"@type\":\"ReadAction\",\"target\":[\"https:\/\/glutoso.com\/nl\/produit\/crema-carciofi\/\"]}]},{\"@type\":\"ImageObject\",\"inLanguage\":\"nl-NL\",\"@id\":\"https:\/\/glutoso.com\/nl\/produit\/crema-carciofi\/#primaryimage\",\"url\":\"https:\/\/glutoso.com\/wp-content\/uploads\/2024\/03\/glutoso-truffe-crema-carciofi-09-scaled.jpg\",\"contentUrl\":\"https:\/\/glutoso.com\/wp-content\/uploads\/2024\/03\/glutoso-truffe-crema-carciofi-09-scaled.jpg\",\"width\":1920,\"height\":2560},{\"@type\":\"BreadcrumbList\",\"@id\":\"https:\/\/glutoso.com\/nl\/produit\/crema-carciofi\/#breadcrumb\",\"itemListElement\":[{\"@type\":\"ListItem\",\"position\":1,\"name\":\"Ontvangst\",\"item\":\"https:\/\/glutoso.com\/nl\/ontvangst\/\"},{\"@type\":\"ListItem\",\"position\":2,\"name\":\"Shop\",\"item\":\"https:\/\/glutoso.com\/nl\/?page_id=2268\"},{\"@type\":\"ListItem\",\"position\":3,\"name\":\"CREMA CARCIOFI\"}]},{\"@type\":\"WebSite\",\"@id\":\"https:\/\/glutoso.com\/nl\/#website\",\"url\":\"https:\/\/glutoso.com\/nl\/\",\"name\":\"Glutoso\",\"description\":\"Truffe ta vie d\u2019amour et de go\u00fbt !\",\"publisher\":{\"@id\":\"https:\/\/glutoso.com\/nl\/#organization\"},\"potentialAction\":[{\"@type\":\"SearchAction\",\"target\":{\"@type\":\"EntryPoint\",\"urlTemplate\":\"https:\/\/glutoso.com\/nl\/?s={search_term_string}\"},\"query-input\":{\"@type\":\"PropertyValueSpecification\",\"valueRequired\":true,\"valueName\":\"search_term_string\"}}],\"inLanguage\":\"nl-NL\"},{\"@type\":\"Organization\",\"@id\":\"https:\/\/glutoso.com\/nl\/#organization\",\"name\":\"Glutoso\",\"url\":\"https:\/\/glutoso.com\/nl\/\",\"logo\":{\"@type\":\"ImageObject\",\"inLanguage\":\"nl-NL\",\"@id\":\"https:\/\/glutoso.com\/nl\/#\/schema\/logo\/image\/\",\"url\":\"https:\/\/glutoso.com\/wp-content\/uploads\/2024\/02\/top-logo-glutoso.png\",\"contentUrl\":\"https:\/\/glutoso.com\/wp-content\/uploads\/2024\/02\/top-logo-glutoso.png\",\"width\":842,\"height\":595,\"caption\":\"Glutoso\"},\"image\":{\"@id\":\"https:\/\/glutoso.com\/nl\/#\/schema\/logo\/image\/\"},\"sameAs\":[\"https:\/\/www.facebook.com\/Glutoso\",\"https:\/\/www.instagram.com\/glutoso\/\"]}]}<\/script>\n<!-- \/ Yoast SEO plugin. -->","yoast_head_json":{"title":"CREMA CARCIOFI - Bij Glutoso: De Truffelprofessional voor de Beste Prijs","description":"CREMA CARCIOFI en een onge\u00ebvenaarde selectie van producten met verse truffel om te ontdekken op onze website en in onze verkooppunten.","robots":{"index":"index","follow":"follow","max-snippet":"max-snippet:-1","max-image-preview":"max-image-preview:large","max-video-preview":"max-video-preview:-1"},"canonical":"https:\/\/glutoso.com\/nl\/produit\/crema-carciofi\/","og_locale":"nl_NL","og_type":"article","og_title":"CREMA CARCIOFI - Bij Glutoso: De Truffelprofessional voor de Beste Prijs","og_description":"CREMA CARCIOFI en een onge\u00ebvenaarde selectie van producten met verse truffel om te ontdekken op onze website en in onze verkooppunten.","og_url":"https:\/\/glutoso.com\/nl\/produit\/crema-carciofi\/","og_site_name":"Glutoso","article_publisher":"https:\/\/www.facebook.com\/Glutoso","article_modified_time":"2024-09-24T15:51:34+00:00","og_image":[{"width":1920,"height":2560,"url":"https:\/\/glutoso.com\/wp-content\/uploads\/2024\/03\/glutoso-truffe-crema-carciofi-09-scaled.jpg","type":"image\/jpeg"}],"twitter_card":"summary_large_image","twitter_misc":{"Geschatte leestijd":"1 minuut"},"schema":{"@context":"https:\/\/schema.org","@graph":[{"@type":"WebPage","@id":"https:\/\/glutoso.com\/nl\/produit\/crema-carciofi\/","url":"https:\/\/glutoso.com\/nl\/produit\/crema-carciofi\/","name":"CREMA CARCIOFI - Bij Glutoso: De Truffelprofessional voor de Beste Prijs","isPartOf":{"@id":"https:\/\/glutoso.com\/nl\/#website"},"primaryImageOfPage":{"@id":"https:\/\/glutoso.com\/nl\/produit\/crema-carciofi\/#primaryimage"},"image":{"@id":"https:\/\/glutoso.com\/nl\/produit\/crema-carciofi\/#primaryimage"},"thumbnailUrl":"https:\/\/glutoso.com\/wp-content\/uploads\/2024\/03\/glutoso-truffe-crema-carciofi-09-scaled.jpg","datePublished":"2024-03-26T15:36:23+00:00","dateModified":"2024-09-24T15:51:34+00:00","description":"CREMA CARCIOFI en een onge\u00ebvenaarde selectie van producten met verse truffel om te ontdekken op onze website en in onze verkooppunten.","breadcrumb":{"@id":"https:\/\/glutoso.com\/nl\/produit\/crema-carciofi\/#breadcrumb"},"inLanguage":"nl-NL","potentialAction":[{"@type":"ReadAction","target":["https:\/\/glutoso.com\/nl\/produit\/crema-carciofi\/"]}]},{"@type":"ImageObject","inLanguage":"nl-NL","@id":"https:\/\/glutoso.com\/nl\/produit\/crema-carciofi\/#primaryimage","url":"https:\/\/glutoso.com\/wp-content\/uploads\/2024\/03\/glutoso-truffe-crema-carciofi-09-scaled.jpg","contentUrl":"https:\/\/glutoso.com\/wp-content\/uploads\/2024\/03\/glutoso-truffe-crema-carciofi-09-scaled.jpg","width":1920,"height":2560},{"@type":"BreadcrumbList","@id":"https:\/\/glutoso.com\/nl\/produit\/crema-carciofi\/#breadcrumb","itemListElement":[{"@type":"ListItem","position":1,"name":"Ontvangst","item":"https:\/\/glutoso.com\/nl\/ontvangst\/"},{"@type":"ListItem","position":2,"name":"Shop","item":"https:\/\/glutoso.com\/nl\/?page_id=2268"},{"@type":"ListItem","position":3,"name":"CREMA CARCIOFI"}]},{"@type":"WebSite","@id":"https:\/\/glutoso.com\/nl\/#website","url":"https:\/\/glutoso.com\/nl\/","name":"Glutoso","description":"Truffe ta vie d\u2019amour et de go\u00fbt !","publisher":{"@id":"https:\/\/glutoso.com\/nl\/#organization"},"potentialAction":[{"@type":"SearchAction","target":{"@type":"EntryPoint","urlTemplate":"https:\/\/glutoso.com\/nl\/?s={search_term_string}"},"query-input":{"@type":"PropertyValueSpecification","valueRequired":true,"valueName":"search_term_string"}}],"inLanguage":"nl-NL"},{"@type":"Organization","@id":"https:\/\/glutoso.com\/nl\/#organization","name":"Glutoso","url":"https:\/\/glutoso.com\/nl\/","logo":{"@type":"ImageObject","inLanguage":"nl-NL","@id":"https:\/\/glutoso.com\/nl\/#\/schema\/logo\/image\/","url":"https:\/\/glutoso.com\/wp-content\/uploads\/2024\/02\/top-logo-glutoso.png","contentUrl":"https:\/\/glutoso.com\/wp-content\/uploads\/2024\/02\/top-logo-glutoso.png","width":842,"height":595,"caption":"Glutoso"},"image":{"@id":"https:\/\/glutoso.com\/nl\/#\/schema\/logo\/image\/"},"sameAs":["https:\/\/www.facebook.com\/Glutoso","https:\/\/www.instagram.com\/glutoso\/"]}]}},"_links":{"self":[{"href":"https:\/\/glutoso.com\/nl\/wp-json\/wp\/v2\/product\/2393","targetHints":{"allow":["GET"]}}],"collection":[{"href":"https:\/\/glutoso.com\/nl\/wp-json\/wp\/v2\/product"}],"about":[{"href":"https:\/\/glutoso.com\/nl\/wp-json\/wp\/v2\/types\/product"}],"replies":[{"embeddable":true,"href":"https:\/\/glutoso.com\/nl\/wp-json\/wp\/v2\/comments?post=2393"}],"wp:featuredmedia":[{"embeddable":true,"href":"https:\/\/glutoso.com\/nl\/wp-json\/wp\/v2\/media\/2180"}],"wp:attachment":[{"href":"https:\/\/glutoso.com\/nl\/wp-json\/wp\/v2\/media?parent=2393"}],"wp:term":[{"taxonomy":"product_brand","embeddable":true,"href":"https:\/\/glutoso.com\/nl\/wp-json\/wp\/v2\/product_brand?post=2393"},{"taxonomy":"product_cat","embeddable":true,"href":"https:\/\/glutoso.com\/nl\/wp-json\/wp\/v2\/product_cat?post=2393"},{"taxonomy":"product_tag","embeddable":true,"href":"https:\/\/glutoso.com\/nl\/wp-json\/wp\/v2\/product_tag?post=2393"}],"curies":[{"name":"wp","href":"https:\/\/api.w.org\/{rel}","templated":true}]}}